{"id":9,"date":"2021-03-10T15:27:15","date_gmt":"2021-03-10T15:27:15","guid":{"rendered":"http:\/\/mailingmasters.nl\/about-us\/"},"modified":"2023-05-22T07:27:51","modified_gmt":"2023-05-22T07:27:51","slug":"plus-sur-nous-2","status":"publish","type":"page","link":"https:\/\/mailingmasters.nl\/fr\/plus-sur-nous-2\/","title":{"rendered":"plus sur nous"},"content":{"rendered":"<div class=\"wp-block-image\">\n<figure class=\"aligncenter size-large\"><img decoding=\"async\" width=\"1024\" height=\"684\" src=\"https:\/\/mailingmasters.nl\/wp-content\/uploads\/nieuwe-pand-Mailing-Masters-1024x684.jpg\" alt=\"\" class=\"wp-image-20931\" title=\"\" srcset=\"https:\/\/mailingmasters.nl\/wp-content\/uploads\/nieuwe-pand-Mailing-Masters-1024x684.jpg 1024w, https:\/\/mailingmasters.nl\/wp-content\/uploads\/nieuwe-pand-Mailing-Masters-1536x1025.jpg 1536w, https:\/\/mailingmasters.nl\/wp-content\/uploads\/nieuwe-pand-Mailing-Masters-scaled.jpg 2048w, https:\/\/mailingmasters.nl\/wp-content\/uploads\/nieuwe-pand-Mailing-Masters-18x12.jpg 18w, https:\/\/mailingmasters.nl\/wp-content\/uploads\/nieuwe-pand-Mailing-Masters-150x100.jpg 150w, https:\/\/mailingmasters.nl\/wp-content\/uploads\/nieuwe-pand-Mailing-Masters-300x200.jpg 300w, https:\/\/mailingmasters.nl\/wp-content\/uploads\/nieuwe-pand-Mailing-Masters-768x513.jpg 768w\" sizes=\"(max-width: 1024px) 100vw, 1024px\" \/><\/figure>\n<\/div>\n\n\n<div style=\"color:#ddd\" class=\"wp-block-genesis-blocks-gb-spacer gb-block-spacer gb-divider-solid gb-divider-size-1\"><hr style=\"height:15px\"><\/div>\n\n\n\n<div id=\"ez-toc-container\" class=\"ez-toc-v2_0_76 counter-hierarchy ez-toc-counter ez-toc-custom ez-toc-container-direction\">\n<p class=\"ez-toc-title\" style=\"cursor:inherit\">Inhoud<\/p>\n<label for=\"ez-toc-cssicon-toggle-item-69ebf00362f9b\" class=\"ez-toc-cssicon-toggle-label\"><span class=\"\"><span class=\"eztoc-hide\" style=\"display:none;\">Toggle<\/span><span class=\"ez-toc-icon-toggle-span\"><svg style=\"fill: #2c2a29;color:#2c2a29\" xmlns=\"http:\/\/www.w3.org\/2000\/svg\" class=\"list-377408\" width=\"20px\" height=\"20px\" viewbox=\"0 0 24 24\" fill=\"none\"><path d=\"M6 6H4v2h2V6zm14 0H8v2h12V6zM4 11h2v2H4v-2zm16 0H8v2h12v-2zM4 16h2v2H4v-2zm16 0H8v2h12v-2z\" fill=\"currentColor\"><\/path><\/svg><svg style=\"fill: #2c2a29;color:#2c2a29\" class=\"arrow-unsorted-368013\" xmlns=\"http:\/\/www.w3.org\/2000\/svg\" width=\"10px\" height=\"10px\" viewbox=\"0 0 24 24\" version=\"1.2\" baseprofile=\"tiny\"><path d=\"M18.2 9.3l-6.2-6.3-6.2 6.3c-.2.2-.3.4-.3.7s.1.5.3.7c.2.2.4.3.7.3h11c.3 0 .5-.1.7-.3.2-.2.3-.5.3-.7s-.1-.5-.3-.7zM5.8 14.7l6.2 6.3 6.2-6.3c.2-.2.3-.5.3-.7s-.1-.5-.3-.7c-.2-.2-.4-.3-.7-.3h-11c-.3 0-.5.1-.7.3-.2.2-.3.5-.3.7s.1.5.3.7z\"\/><\/svg><\/span><\/span><\/label><input type=\"checkbox\"  id=\"ez-toc-cssicon-toggle-item-69ebf00362f9b\"  aria-label=\"Toggle\" \/><nav><ul class='ez-toc-list ez-toc-list-level-1' ><li class='ez-toc-page-1 ez-toc-heading-level-2'><a class=\"ez-toc-link ez-toc-heading-1\" href=\"https:\/\/mailingmasters.nl\/fr\/plus-sur-nous-2\/#Over_Mailing_Masters\" >\u00c0 propos de Mailing Masters<\/a><\/li><li class='ez-toc-page-1 ez-toc-heading-level-2'><a class=\"ez-toc-link ez-toc-heading-2\" href=\"https:\/\/mailingmasters.nl\/fr\/plus-sur-nous-2\/#Voor_welke_opdrachtgevers_werken_wij\" >Pour quels clients travaillons-nous ?<\/a><\/li><li class='ez-toc-page-1 ez-toc-heading-level-2'><a class=\"ez-toc-link ez-toc-heading-3\" href=\"https:\/\/mailingmasters.nl\/fr\/plus-sur-nous-2\/#Diensten_die_wij_aanbieden\" >Services que nous proposons<\/a><ul class='ez-toc-list-level-3' ><li class='ez-toc-heading-level-3'><a class=\"ez-toc-link ez-toc-heading-4\" href=\"https:\/\/mailingmasters.nl\/fr\/plus-sur-nous-2\/#Waar_ligt_de_kracht_van_Mailing_Masters\" >O\u00f9 r\u00e9side la force de Mailing Masters<\/a><\/li><\/ul><\/li><li class='ez-toc-page-1 ez-toc-heading-level-2'><a class=\"ez-toc-link ez-toc-heading-5\" href=\"https:\/\/mailingmasters.nl\/fr\/plus-sur-nous-2\/#Heeft_u_vragen\" >Avez-vous des questions ?<\/a><\/li><\/ul><\/nav><\/div>\n<h2 class=\"wp-block-heading\"><span class=\"ez-toc-section\" id=\"Over_Mailing_Masters\"><\/span>\u00c0 propos de Mailing Masters<span class=\"ez-toc-section-end\"><\/span><\/h2>\n\n\n\n<p>hez Mailing Masters, vous pouvez trouver des solutions pour vos probl\u00e8mes d'exp\u00e9dition et de logistique. Bas\u00e9s sur notre exp\u00e9rience et notre expertise, nous offrons \u00e0 nos clients des produits et des services efficaces et \u00e9conomiques. Notre objectif est de permettre \u00e0 nos clients de g\u00e9rer leurs interactions avec leurs contacts de mani\u00e8re cibl\u00e9e et efficace.<\/p>\n\n\n\n<h2 class=\"wp-block-heading\"><span class=\"ez-toc-section\" id=\"Voor_welke_opdrachtgevers_werken_wij\"><\/span>Pour quels clients travaillons-nous ?<span class=\"ez-toc-section-end\"><\/span><\/h2>\n\n\n\n<p>Mailing Masters travaille avec un groupe diversifi\u00e9 d'organisations pour lesquelles nous trouvons des solutions. Des PME, associations sectorielles, administrations, \u00e9tablissements de sant\u00e9 et d'enseignement jusqu'aux multinationales. De nombreuses agences de marketing et de publicit\u00e9 choisissent \u00e9galement les solutions de Mailing Masters. Nous soutenons ces organisations dans les campagnes de publipostage qu'elles r\u00e9alisent pour leurs clients. Nous proposons \u00e9galement des solutions sur mesure pour les entreprises de commerce \u00e9lectronique, y compris la gestion du service client et le traitement logistique.<\/p>\n\n\n\n<h2 class=\"wp-block-heading\"><span class=\"ez-toc-section\" id=\"Diensten_die_wij_aanbieden\"><\/span>Services que nous proposons<span class=\"ez-toc-section-end\"><\/span><\/h2>\n\n\n\n<ul class=\"wp-block-list\">\n<li><a href=\"https:\/\/mailingmasters.nl\/fr\/direct-mail\/direct-mailing-versturen\/\" data-type=\"page\" data-id=\"20283\">Envoi de mailings<\/a><\/li>\n\n\n\n<li><a href=\"https:\/\/mailingmasters.nl\/fr\/web-stories\/besparen-op-portokosten\/\" data-type=\"web-story\" data-id=\"20188\">\u00c9conomiser sur les frais de port<\/a><\/li>\n\n\n\n<li><a class=\"rank-math-link\" href=\"https:\/\/mailingmasters.nl\/fr\/couverteren\/\">Mise sou pli<\/a><\/li>\n\n\n\n<li><a href=\"https:\/\/mailingmasters.nl\/fr\/direct-mail\/\">Mailing direct<\/a><\/li>\n\n\n\n<li><a href=\"https:\/\/mailingmasters.nl\/fr\/verpakken-inpakken\/handmatig-verpakken\/\" data-type=\"page\" data-id=\"362\">Emballage<\/a><\/li>\n\n\n\n<li><a href=\"https:\/\/mailingmasters.nl\/fr\/fulfilment-bedrijf\/\" data-type=\"page\" data-id=\"150\">fulfillment<\/a><\/li>\n\n\n\n<li><a href=\"https:\/\/mailingmasters.nl\/fr\/printservice\/\">Impression<\/a><\/li>\n\n\n\n<li><a href=\"https:\/\/mailingmasters.nl\/fr\/goedkoop-partijenpost-versturen\/\" data-type=\"page\" data-id=\"282\">Exp\u00e9dition<\/a><\/li>\n\n\n\n<li>Programmes de fid\u00e9lit\u00e9<\/li>\n\n\n\n<li><a href=\"https:\/\/mailingmasters.nl\/fr\/stockage-de-palettes-2\/\" data-type=\"page\" data-id=\"120\">Stockage de palettes<\/a><\/li>\n<\/ul>\n\n\n\n<h3 class=\"wp-block-heading\"><span class=\"ez-toc-section\" id=\"Waar_ligt_de_kracht_van_Mailing_Masters\"><\/span>O\u00f9 r\u00e9side la force de Mailing Masters<span class=\"ez-toc-section-end\"><\/span><\/h3>\n\n\n\n<p class=\"translation-block\">Notre expertise et notre exp\u00e9rience nous permettent d'optimiser les processus li\u00e9s \u00e0 la conception graphique, \u00e0 l'exp\u00e9dition et au stockage. Pour bon nombre de nos clients, nous offrons des opportunit\u00e9s de r\u00e9aliser des \u00e9conomies de temps et de co\u00fbts. Nous y parvenons en optimisant ces processus. De plus, nous offrons aux organisations la possibilit\u00e9 de se concentrer sur leur activit\u00e9 principale. Nous prenons en charge la production, la gestion, l'enregistrement, le suivi et les ajustements. Nous veillons \u00e9galement \u00e0 ce que l'interaction entre nos clients et leurs relations se d\u00e9roule comme souhait\u00e9.<\/p>\n\n\n\n<h2 class=\"wp-block-heading\"><span class=\"ez-toc-section\" id=\"Heeft_u_vragen\"><\/span>Avez-vous des questions ?<span class=\"ez-toc-section-end\"><\/span><\/h2>\n\n\n\n<p>Veuillez nous contacter. Vous pouvez nous appeler au (+31) 0318 412 252<\/p>\n\n\n\n<div class=\"wp-block-columns is-layout-flex wp-container-core-columns-is-layout-9d6595d7 wp-block-columns-is-layout-flex\">\n<div class=\"wp-block-column is-layout-flow wp-block-column-is-layout-flow\" style=\"flex-basis:50%\">\n<p class=\"translation-block\">Vous pouvez \u00e9galement nous envoyer un e-mail. Nous sommes joignables \u00e0 l'adresse <a class=\"rank-math-link\" href=\"mailto:info@mailingmasters.nl\" target=\"_self\">info@mailingmasters.nl<\/a>. Vous \u00eates bien entendu \u00e9galement les bienvenus pour nous rendre visite. Nous sommes situ\u00e9s \u00e0 Newtonstraat 27, 3902 HP \u00e0 Veenendaal.<\/p>\n<\/div>\n\n\n\n<div class=\"wp-block-column is-layout-flow wp-block-column-is-layout-flow\" style=\"flex-basis:50%\"><div class=\"wp-block-image\">\n<figure class=\"aligncenter size-medium is-resized\"><a href=\"https:\/\/nl.linkedin.com\/in\/arend-michiel-pronk-24464738\" target=\"_blank\" rel=\"noopener\"><img decoding=\"async\" src=\"https:\/\/mailingmasters.nl\/wp-content\/uploads\/Arend-Michiel-Pronk-Eigenaar-Mailing-Masters-283x300.png\" alt=\"Arend Michiel Pronk owner Mailing Masters\" class=\"wp-image-20715\" width=\"212\" height=\"225\" title=\"\" srcset=\"https:\/\/mailingmasters.nl\/wp-content\/uploads\/Arend-Michiel-Pronk-Eigenaar-Mailing-Masters-283x300.png 283w, https:\/\/mailingmasters.nl\/wp-content\/uploads\/Arend-Michiel-Pronk-Eigenaar-Mailing-Masters-1448x1536.png 1448w, https:\/\/mailingmasters.nl\/wp-content\/uploads\/Arend-Michiel-Pronk-Eigenaar-Mailing-Masters-11x12.png 11w, https:\/\/mailingmasters.nl\/wp-content\/uploads\/Arend-Michiel-Pronk-Eigenaar-Mailing-Masters-150x159.png 150w, https:\/\/mailingmasters.nl\/wp-content\/uploads\/Arend-Michiel-Pronk-Eigenaar-Mailing-Masters-768x815.png 768w, https:\/\/mailingmasters.nl\/wp-content\/uploads\/Arend-Michiel-Pronk-Eigenaar-Mailing-Masters-965x1024.png 965w, https:\/\/mailingmasters.nl\/wp-content\/uploads\/Arend-Michiel-Pronk-Eigenaar-Mailing-Masters.png 1617w\" sizes=\"(max-width: 212px) 100vw, 212px\" \/><\/a><\/figure>\n<\/div><\/div>\n<\/div>\n\n\n<div class=\"gb-button-wrapper gb-button-wrapper-3b9e9f80\">\n\n<a class=\"gb-button gb-button-f52a3f7c gb-button-text\" href=\"https:\/\/mailingmasters.nl\/fr\/contact\/\" rel=\"nofollow\">Prenez rendez-vous ici<\/a>\n\n<\/div>","protected":false},"excerpt":{"rendered":"<p>Over Mailing Masters Bij Mailing Masters kunt u terecht voor oplossingen van uw verzend- en logistiek vraagstukken. Op basis van onze ervaring en uiteraard kennis weten wij voor onze opdrachtgevers effectieve en besparende producten en dienstverlening aan te bieden. Ons doel is om onze opdrachtgevers in staat te stellen de interactie met hun relaties op &#8230; <a title=\"plus sur nous\" class=\"read-more\" href=\"https:\/\/mailingmasters.nl\/fr\/plus-sur-nous-2\/\" aria-label=\"En savoir plus sur Over ons\">Lire plus<\/a><\/p>","protected":false},"author":4,"featured_media":20715,"parent":0,"menu_order":0,"comment_status":"closed","ping_status":"closed","template":"","meta":{"inline_featured_image":false,"footnotes":""},"class_list":["post-9","page","type-page","status-publish","has-post-thumbnail"],"_links":{"self":[{"href":"https:\/\/mailingmasters.nl\/fr\/wp-json\/wp\/v2\/pages\/9","targetHints":{"allow":["GET"]}}],"collection":[{"href":"https:\/\/mailingmasters.nl\/fr\/wp-json\/wp\/v2\/pages"}],"about":[{"href":"https:\/\/mailingmasters.nl\/fr\/wp-json\/wp\/v2\/types\/page"}],"author":[{"embeddable":true,"href":"https:\/\/mailingmasters.nl\/fr\/wp-json\/wp\/v2\/users\/4"}],"replies":[{"embeddable":true,"href":"https:\/\/mailingmasters.nl\/fr\/wp-json\/wp\/v2\/comments?post=9"}],"version-history":[{"count":0,"href":"https:\/\/mailingmasters.nl\/fr\/wp-json\/wp\/v2\/pages\/9\/revisions"}],"wp:featuredmedia":[{"embeddable":true,"href":"https:\/\/mailingmasters.nl\/fr\/wp-json\/wp\/v2\/media\/20715"}],"wp:attachment":[{"href":"https:\/\/mailingmasters.nl\/fr\/wp-json\/wp\/v2\/media?parent=9"}],"curies":[{"name":"wp","href":"https:\/\/api.w.org\/{rel}","templated":true}]}}