{"id":312,"date":"2021-05-04T17:44:29","date_gmt":"2021-05-04T17:44:29","guid":{"rendered":"https:\/\/mailingmasters.nl\/?page_id=312"},"modified":"2022-12-09T16:59:47","modified_gmt":"2022-12-09T16:59:47","slug":"sitemap","status":"publish","type":"page","link":"https:\/\/mailingmasters.nl\/fr\/sitemap\/","title":{"rendered":"Sitemap"},"content":{"rendered":"<pre class=\"wp-block-code\"><code><\/code><\/pre>\n\n\n\n<div class=\"rank-math-html-sitemap\"><div class=\"rank-math-html-sitemap__section rank-math-html-sitemap__section--post-type rank-math-html-sitemap__section--post\"><h2 class=\"rank-math-html-sitemap__title\">Articles<\/h2><ul class=\"rank-math-html-sitemap__list\"><li class=\"rank-math-html-sitemap__item\"><a href=\"https:\/\/mailingmasters.nl\/fr\/direct-mail-blog\/online-leads-genereren-met-direct-mail\/\" class=\"rank-math-html-sitemap__link\">Online leads genereren met direct mail in 2023<\/a><\/li><li class=\"rank-math-html-sitemap__item\"><a href=\"https:\/\/mailingmasters.nl\/fr\/nieuws\/webbeheer-nieuws\/\" class=\"rank-math-html-sitemap__link\">Webshop beheer<\/a><\/li><li class=\"rank-math-html-sitemap__item\"><a href=\"https:\/\/mailingmasters.nl\/fr\/nieuws\/123kerstpakketten-nl\/\" class=\"rank-math-html-sitemap__link\">123kerstpakketten.nl<\/a><\/li><\/ul><\/div><div class=\"rank-math-html-sitemap__section rank-math-html-sitemap__section--post-type rank-math-html-sitemap__section--page\"><h2 class=\"rank-math-html-sitemap__title\">Pages<\/h2><ul class=\"rank-math-html-sitemap__list\"><li class=\"rank-math-html-sitemap__item\"><a href=\"https:\/\/mailingmasters.nl\/fr\/aanvraag\/\" class=\"rank-math-html-sitemap__link\">Aanvraag<\/a><\/li><li class=\"rank-math-html-sitemap__item\"><a href=\"https:\/\/mailingmasters.nl\/fr\/direct-mail\/\" class=\"rank-math-html-sitemap__link\">Direct Mail in 2025: hoe werkt het en wat kost het \u00e9cht?<\/a><ul class=\"rank-math-html-sitemap__list\"><li class=\"rank-math-html-sitemap__item\"><a href=\"https:\/\/mailingmasters.nl\/fr\/direct-mail\/interactive-direct-mail\/\" class=\"rank-math-html-sitemap__link\">4 interactieve direct mail mogelijkheden<\/a><\/li><li class=\"rank-math-html-sitemap__item\"><a href=\"https:\/\/mailingmasters.nl\/fr\/direct-mail\/direct-mail-schrijven\/\" class=\"rank-math-html-sitemap__link\">Direct Mail schrijven<\/a><\/li><li class=\"rank-math-html-sitemap__item\"><a href=\"https:\/\/mailingmasters.nl\/fr\/direct-mail\/direct-mailing-versturen\/\" class=\"rank-math-html-sitemap__link\">#1 in direct mailing versturen<\/a><ul class=\"rank-math-html-sitemap__list\"><li class=\"rank-math-html-sitemap__item\"><a href=\"https:\/\/mailingmasters.nl\/fr\/direct-mail\/direct-mailing-versturen\/bedankt-aanvraag-direct-mailing-versturen\/\" class=\"rank-math-html-sitemap__link\">Bedankt aanvraag direct mailing versturen<\/a><\/li><\/ul><\/li><li class=\"rank-math-html-sitemap__item\"><a href=\"https:\/\/mailingmasters.nl\/fr\/direct-mail\/direct-mail-versturen\/\" class=\"rank-math-html-sitemap__link\">Direct mail versturen? Schakel Mailing Masters in<\/a><\/li><\/ul><\/li><li class=\"rank-math-html-sitemap__item\"><a href=\"https:\/\/mailingmasters.nl\/fr\/\" class=\"rank-math-html-sitemap__link\">Mailing Masters voor direct mail, fulfilment, printen, verpakken &amp; versturen<\/a><\/li><li class=\"rank-math-html-sitemap__item\"><a href=\"https:\/\/mailingmasters.nl\/fr\/goedkoop-partijenpost-versturen\/\" class=\"rank-math-html-sitemap__link\">4 interactieve direct mail mogelijkheden<\/a><ul class=\"rank-math-html-sitemap__list\"><li class=\"rank-math-html-sitemap__item\"><a href=\"https:\/\/mailingmasters.nl\/fr\/goedkoop-partijenpost-versturen\/bedankt-aanvraag-partijenpost-offerte\/\" class=\"rank-math-html-sitemap__link\">Bedankt aanvraag partijenpost offerte<\/a><\/li><\/ul><\/li><li class=\"rank-math-html-sitemap__item\"><a href=\"https:\/\/mailingmasters.nl\/fr\/mailing-versturen\/\" class=\"rank-math-html-sitemap__link\">Mailing versturen anno 2025, Mailing Masters is hier ijzersterk in<\/a><ul class=\"rank-math-html-sitemap__list\"><li class=\"rank-math-html-sitemap__item\"><a href=\"https:\/\/mailingmasters.nl\/fr\/mailing-versturen\/direct-mailing-uitbesteden\/\" class=\"rank-math-html-sitemap__link\">Uw direct mailing uitbesteden, 2 x 5 redenen<\/a><\/li><\/ul><\/li><li class=\"rank-math-html-sitemap__item\"><a href=\"https:\/\/mailingmasters.nl\/fr\/stockage-de-palettes-2\/\" class=\"rank-math-html-sitemap__link\">Kiezen voor betaalbare palletopslag anno 2025 (Pallet-in-Pallet-uit)<\/a><ul class=\"rank-math-html-sitemap__list\"><li class=\"rank-math-html-sitemap__item\"><a href=\"https:\/\/mailingmasters.nl\/fr\/stockage-de-palettes-2\/bedankt-voor-uw-palletopslag-aanvraag\/\" class=\"rank-math-html-sitemap__link\">Bedankt voor uw palletopslag aanvraag<\/a><\/li><\/ul><\/li><li class=\"rank-math-html-sitemap__item\"><a href=\"https:\/\/mailingmasters.nl\/fr\/periodieken-mailings-versturen\/\" class=\"rank-math-html-sitemap__link\">Hoe periodieken mailings versturen anno 2025<\/a><\/li><li class=\"rank-math-html-sitemap__item\"><a href=\"https:\/\/mailingmasters.nl\/fr\/contact\/\" class=\"rank-math-html-sitemap__link\">Contact<\/a><\/li><li class=\"rank-math-html-sitemap__item\"><a href=\"https:\/\/mailingmasters.nl\/fr\/acheter-une-base-de-donnees-d-adresses-2\/\" class=\"rank-math-html-sitemap__link\">Acheter une base de donn\u00e9es d'adresses pour une g\u00e9n\u00e9ration de leads cibl\u00e9e : plus de clients, plus de conversions<\/a><\/li><li class=\"rank-math-html-sitemap__item\"><a href=\"https:\/\/mailingmasters.nl\/fr\/print-en-mail-services\/\" class=\"rank-math-html-sitemap__link\">Kies ook voor moderne print en mail services<\/a><\/li><li class=\"rank-math-html-sitemap__item\"><a href=\"https:\/\/mailingmasters.nl\/fr\/data-services\/\" class=\"rank-math-html-sitemap__link\">Services de donn\u00e9es<\/a><ul class=\"rank-math-html-sitemap__list\"><li class=\"rank-math-html-sitemap__item\"><a href=\"https:\/\/mailingmasters.nl\/fr\/data-services\/responsverwerking\/\" class=\"rank-math-html-sitemap__link\">100% aandacht voor responsverwerking<\/a><\/li><\/ul><\/li><li class=\"rank-math-html-sitemap__item\"><a href=\"https:\/\/mailingmasters.nl\/fr\/goedkoop-post-versturen\/\" class=\"rank-math-html-sitemap__link\">Goedkopere manier van post versturen<\/a><ul class=\"rank-math-html-sitemap__list\"><li class=\"rank-math-html-sitemap__item\"><a href=\"https:\/\/mailingmasters.nl\/fr\/goedkoop-post-versturen\/transactiemail\/\" class=\"rank-math-html-sitemap__link\">Transactiemail versturen<\/a><\/li><li class=\"rank-math-html-sitemap__item\"><a href=\"https:\/\/mailingmasters.nl\/fr\/goedkoop-post-versturen\/goedkoop-brieven-versturen\/\" class=\"rank-math-html-sitemap__link\">#1 manier waarop bedrijven goedkoop brieven versturen<\/a><\/li><\/ul><\/li><li class=\"rank-math-html-sitemap__item\"><a href=\"https:\/\/mailingmasters.nl\/fr\/blank-page\/\" class=\"rank-math-html-sitemap__link\">Blank page<\/a><\/li><li class=\"rank-math-html-sitemap__item\"><a href=\"https:\/\/mailingmasters.nl\/fr\/template\/\" class=\"rank-math-html-sitemap__link\">Template<\/a><\/li><li class=\"rank-math-html-sitemap__item\"><a href=\"https:\/\/mailingmasters.nl\/fr\/voorraadbeheer\/\" class=\"rank-math-html-sitemap__link\">Voorraadbeheer van Mailing Masters<\/a><\/li><li class=\"rank-math-html-sitemap__item\"><a href=\"https:\/\/mailingmasters.nl\/fr\/bedankt-voor-uw-reactie\/\" class=\"rank-math-html-sitemap__link\">Bedankt voor uw reactie<\/a><\/li><li class=\"rank-math-html-sitemap__item\"><a href=\"https:\/\/mailingmasters.nl\/fr\/palletopslag-aanvraag\/\" class=\"rank-math-html-sitemap__link\">Krijg binnen 3 stappen de beste palletopslag offerte en bespaar tijd en geld.<\/a><\/li><li class=\"rank-math-html-sitemap__item\"><a href=\"https:\/\/mailingmasters.nl\/fr\/plus-sur-nous-2\/\" class=\"rank-math-html-sitemap__link\">plus sur nous<\/a><ul class=\"rank-math-html-sitemap__list\"><li class=\"rank-math-html-sitemap__item\"><a href=\"https:\/\/mailingmasters.nl\/fr\/plus-sur-nous-2\/maatschappelijk-verantwoord-ondernemen\/\" class=\"rank-math-html-sitemap__link\">Maatschappelijk verantwoord ondernemen<\/a><\/li><\/ul><\/li><li class=\"rank-math-html-sitemap__item\"><a href=\"https:\/\/mailingmasters.nl\/fr\/werken-bij\/\" class=\"rank-math-html-sitemap__link\">Werken bij Mailing Masters uit Veenendaal<\/a><ul class=\"rank-math-html-sitemap__list\"><li class=\"rank-math-html-sitemap__item\"><a href=\"https:\/\/mailingmasters.nl\/fr\/werken-bij\/thuiswerk-veenendaal\/\" class=\"rank-math-html-sitemap__link\">Thuiswerkers gezocht uit Veenendaal e.o<\/a><\/li><li class=\"rank-math-html-sitemap__item\"><a href=\"https:\/\/mailingmasters.nl\/fr\/werken-bij\/productiemedewerker-veenendaal\/\" class=\"rank-math-html-sitemap__link\">Productiemedewerkers gezocht uit Veenendaal e.o<\/a><\/li><\/ul><\/li><li class=\"rank-math-html-sitemap__item\"><a href=\"https:\/\/mailingmasters.nl\/fr\/sitemap\/\" class=\"rank-math-html-sitemap__link\">Sitemap<\/a><\/li><li class=\"rank-math-html-sitemap__item\"><a href=\"https:\/\/mailingmasters.nl\/fr\/grafische-termen\/\" class=\"rank-math-html-sitemap__link\">25+ Veel gebruikte termen uit de grafische wereld<\/a><\/li><li class=\"rank-math-html-sitemap__item\"><a href=\"https:\/\/mailingmasters.nl\/fr\/verpakken-inpakken\/\" class=\"rank-math-html-sitemap__link\">Kiezen voor een verpakkingsbedrijf met 25 jaar ervaring<\/a><ul class=\"rank-math-html-sitemap__list\"><li class=\"rank-math-html-sitemap__item\"><a href=\"https:\/\/mailingmasters.nl\/fr\/verpakken-inpakken\/handmatig-verpakken\/\" class=\"rank-math-html-sitemap__link\">Handmatig verpakken anno 2025<\/a><\/li><li class=\"rank-math-html-sitemap__item\"><a href=\"https:\/\/mailingmasters.nl\/fr\/verpakken-inpakken\/krimpverpakking\/\" class=\"rank-math-html-sitemap__link\">Krimpverpakking, hoe werkt het?<\/a><\/li><li class=\"rank-math-html-sitemap__item\"><a href=\"https:\/\/mailingmasters.nl\/fr\/verpakken-inpakken\/sealen\/\" class=\"rank-math-html-sitemap__link\">Sealen van uw direct mailing<\/a><\/li><li class=\"rank-math-html-sitemap__item\"><a href=\"https:\/\/mailingmasters.nl\/fr\/verpakken-inpakken\/co-packing\/\" class=\"rank-math-html-sitemap__link\">#1 in Co Packing<\/a><\/li><\/ul><\/li><li class=\"rank-math-html-sitemap__item\"><a href=\"https:\/\/mailingmasters.nl\/fr\/direct-mail-blog\/\" class=\"rank-math-html-sitemap__link\">Direct Mail blog<\/a><\/li><li class=\"rank-math-html-sitemap__item\"><a href=\"https:\/\/mailingmasters.nl\/fr\/privacybeleid\/\" class=\"rank-math-html-sitemap__link\">Privacybeleid van Mailing Masters<\/a><\/li><li class=\"rank-math-html-sitemap__item\"><a href=\"https:\/\/mailingmasters.nl\/fr\/couverteren\/\" class=\"rank-math-html-sitemap__link\">De #1 in handmatig en\/ of machinaal couverteren<\/a><\/li><li class=\"rank-math-html-sitemap__item\"><a href=\"https:\/\/mailingmasters.nl\/fr\/fulfilment-bedrijf\/\" class=\"rank-math-html-sitemap__link\">Een fulfilment bedrijf nodig? Mailing Masters assisteert graag<\/a><ul class=\"rank-math-html-sitemap__list\"><li class=\"rank-math-html-sitemap__item\"><a href=\"https:\/\/mailingmasters.nl\/fr\/fulfilment-bedrijf\/pick-and-pack\/\" class=\"rank-math-html-sitemap__link\">Alles over pick and pack werkzaamheden in 2025<\/a><\/li><li class=\"rank-math-html-sitemap__item\"><a href=\"https:\/\/mailingmasters.nl\/fr\/fulfilment-bedrijf\/fulfilment-uitbesteden\/\" class=\"rank-math-html-sitemap__link\">Uw fulfilment uitbesteden<\/a><\/li><\/ul><\/li><li class=\"rank-math-html-sitemap__item\"><a href=\"https:\/\/mailingmasters.nl\/fr\/printservice\/\" class=\"rank-math-html-sitemap__link\">Onze printservice staat voor u klaar<\/a><ul class=\"rank-math-html-sitemap__list\"><li class=\"rank-math-html-sitemap__item\"><a href=\"https:\/\/mailingmasters.nl\/fr\/printservice\/online-printservice\/\" class=\"rank-math-html-sitemap__link\">Ga naar onze online printservice<\/a><\/li><li class=\"rank-math-html-sitemap__item\"><a href=\"https:\/\/mailingmasters.nl\/fr\/printservice\/digitaal-printen-digitaal-drukwerk\/\" class=\"rank-math-html-sitemap__link\">Digitaal printen + digitaal drukwerk<\/a><\/li><\/ul><\/li><li class=\"rank-math-html-sitemap__item\"><a href=\"https:\/\/mailingmasters.nl\/fr\/folie-verpakken\/\" class=\"rank-math-html-sitemap__link\">Folie verpakken kiezen als verpakkingswijze voor uw mailing<\/a><\/li><li class=\"rank-math-html-sitemap__item\"><a href=\"https:\/\/mailingmasters.nl\/fr\/kopieerservice\/\" class=\"rank-math-html-sitemap__link\">De kopieerservice van onze copyshop in Veenendaal<\/a><\/li><li class=\"rank-math-html-sitemap__item\"><a href=\"https:\/\/mailingmasters.nl\/fr\/e-commerce\/\" class=\"rank-math-html-sitemap__link\">E-commerce wat is het en wat is er mogelijk?<\/a><ul class=\"rank-math-html-sitemap__list\"><li class=\"rank-math-html-sitemap__item\"><a href=\"https:\/\/mailingmasters.nl\/fr\/e-commerce\/wat-is-e-commerce\/\" class=\"rank-math-html-sitemap__link\">Wat is e-commerce? Wat heeft het te bieden<\/a><\/li><\/ul><\/li><li class=\"rank-math-html-sitemap__item\"><a href=\"https:\/\/mailingmasters.nl\/fr\/mailingservice\/\" class=\"rank-math-html-sitemap__link\">Mailingservice van Mailing Masters<\/a><\/li><li class=\"rank-math-html-sitemap__item\"><a href=\"https:\/\/mailingmasters.nl\/fr\/warehousing\/\" class=\"rank-math-html-sitemap__link\">Zoekt u warehousing in Nederland?<\/a><ul class=\"rank-math-html-sitemap__list\"><li class=\"rank-math-html-sitemap__item\"><a href=\"https:\/\/mailingmasters.nl\/fr\/warehousing\/orderpicking\/\" class=\"rank-math-html-sitemap__link\">Wat is orderpicking en waarom is het belangrijk<\/a><\/li><\/ul><\/li><li class=\"rank-math-html-sitemap__item\"><a href=\"https:\/\/mailingmasters.nl\/fr\/orderverwerking\/\" class=\"rank-math-html-sitemap__link\">Uw orderverwerking uitbesteden aan Mailing Masters<\/a><\/li><li class=\"rank-math-html-sitemap__item\"><a href=\"https:\/\/mailingmasters.nl\/fr\/banderen-drukwerk\/\" class=\"rank-math-html-sitemap__link\">Mailing Masters #1 in banderen<\/a><\/li><li class=\"rank-math-html-sitemap__item\"><a href=\"https:\/\/mailingmasters.nl\/fr\/laserprinten\/\" class=\"rank-math-html-sitemap__link\">Laserprinten van adresdragers, brieven en nog veel meer<\/a><\/li><li class=\"rank-math-html-sitemap__item\"><a href=\"https:\/\/mailingmasters.nl\/fr\/inkjetten\/\" class=\"rank-math-html-sitemap__link\">Inkjetten een uitkomst bij het personaliseren<\/a><\/li><li class=\"rank-math-html-sitemap__item\"><a href=\"https:\/\/mailingmasters.nl\/fr\/services\/\" class=\"rank-math-html-sitemap__link\">Services<\/a><\/li><\/ul><\/div><div class=\"rank-math-html-sitemap__section rank-math-html-sitemap__section--post-type rank-math-html-sitemap__section--web-story\"><h2 class=\"rank-math-html-sitemap__title\">Stories<\/h2><ul class=\"rank-math-html-sitemap__list\"><li class=\"rank-math-html-sitemap__item\"><a href=\"https:\/\/mailingmasters.nl\/fr\/web-stories\/tips-goedkoop-post-versturen\/\" class=\"rank-math-html-sitemap__link\">10 tips voordelig uw post versturen<\/a><\/li><li class=\"rank-math-html-sitemap__item\"><a href=\"https:\/\/mailingmasters.nl\/fr\/web-stories\/besparen-op-portokosten\/\" class=\"rank-math-html-sitemap__link\">Besparen op portokosten.... Lees onze 8 tips<\/a><\/li><li class=\"rank-math-html-sitemap__item\"><a href=\"https:\/\/mailingmasters.nl\/fr\/web-stories\/direct-mail-voorbeelden\/\" class=\"rank-math-html-sitemap__link\">Direct mail voorbeelden<\/a><\/li><li class=\"rank-math-html-sitemap__item\"><a href=\"https:\/\/mailingmasters.nl\/fr\/web-stories\/aanleveren-partijenpost\/\" class=\"rank-math-html-sitemap__link\">Aanleveren partijenpost<\/a><\/li><\/ul><\/div><div class=\"rank-math-html-sitemap__section rank-math-html-sitemap__section--taxonomy rank-math-html-sitemap__section--category\"><h2 class=\"rank-math-html-sitemap__title\">Cat\u00e9gories<\/h2><ul class=\"rank-math-html-sitemap__list\"><li class=\"rank-math-html-sitemap__item\"><a href=\"https:\/\/mailingmasters.nl\/fr\/category\/direct-mail-blog\/\" class=\"rank-math-html-sitemap__link\">Direct mail blog<\/a><\/li><li class=\"rank-math-html-sitemap__item\"><a href=\"https:\/\/mailingmasters.nl\/fr\/category\/nieuws\/\" class=\"rank-math-html-sitemap__link\">Nieuws<\/a><\/li><\/ul><\/div><\/div>","protected":false},"excerpt":{"rendered":"","protected":false},"author":1,"featured_media":0,"parent":0,"menu_order":0,"comment_status":"closed","ping_status":"closed","template":"","meta":{"inline_featured_image":false,"footnotes":""},"class_list":["post-312","page","type-page","status-publish"],"_links":{"self":[{"href":"https:\/\/mailingmasters.nl\/fr\/wp-json\/wp\/v2\/pages\/312","targetHints":{"allow":["GET"]}}],"collection":[{"href":"https:\/\/mailingmasters.nl\/fr\/wp-json\/wp\/v2\/pages"}],"about":[{"href":"https:\/\/mailingmasters.nl\/fr\/wp-json\/wp\/v2\/types\/page"}],"author":[{"embeddable":true,"href":"https:\/\/mailingmasters.nl\/fr\/wp-json\/wp\/v2\/users\/1"}],"replies":[{"embeddable":true,"href":"https:\/\/mailingmasters.nl\/fr\/wp-json\/wp\/v2\/comments?post=312"}],"version-history":[{"count":0,"href":"https:\/\/mailingmasters.nl\/fr\/wp-json\/wp\/v2\/pages\/312\/revisions"}],"wp:attachment":[{"href":"https:\/\/mailingmasters.nl\/fr\/wp-json\/wp\/v2\/media?parent=312"}],"curies":[{"name":"wp","href":"https:\/\/api.w.org\/{rel}","templated":true}]}}