{"id":9,"date":"2021-03-10T15:27:15","date_gmt":"2021-03-10T15:27:15","guid":{"rendered":"http:\/\/mailingmasters.nl\/about-us\/"},"modified":"2023-05-22T07:27:51","modified_gmt":"2023-05-22T07:27:51","slug":"sobre-nosotros-2","status":"publish","type":"page","link":"https:\/\/mailingmasters.nl\/es\/sobre-nosotros-2\/","title":{"rendered":"Acerca de nosotros"},"content":{"rendered":"<div class=\"wp-block-image\">\n<figure class=\"aligncenter size-large\"><img decoding=\"async\" width=\"1024\" height=\"684\" src=\"https:\/\/mailingmasters.nl\/wp-content\/uploads\/nieuwe-pand-Mailing-Masters-1024x684.jpg\" alt=\"\" class=\"wp-image-20931\" title=\"\" srcset=\"https:\/\/mailingmasters.nl\/wp-content\/uploads\/nieuwe-pand-Mailing-Masters-1024x684.jpg 1024w, https:\/\/mailingmasters.nl\/wp-content\/uploads\/nieuwe-pand-Mailing-Masters-1536x1025.jpg 1536w, https:\/\/mailingmasters.nl\/wp-content\/uploads\/nieuwe-pand-Mailing-Masters-scaled.jpg 2048w, https:\/\/mailingmasters.nl\/wp-content\/uploads\/nieuwe-pand-Mailing-Masters-18x12.jpg 18w, https:\/\/mailingmasters.nl\/wp-content\/uploads\/nieuwe-pand-Mailing-Masters-150x100.jpg 150w, https:\/\/mailingmasters.nl\/wp-content\/uploads\/nieuwe-pand-Mailing-Masters-300x200.jpg 300w, https:\/\/mailingmasters.nl\/wp-content\/uploads\/nieuwe-pand-Mailing-Masters-768x513.jpg 768w\" sizes=\"(max-width: 1024px) 100vw, 1024px\" \/><\/figure>\n<\/div>\n\n\n<div style=\"color:#ddd\" class=\"wp-block-genesis-blocks-gb-spacer gb-block-spacer gb-divider-solid gb-divider-size-1\"><hr style=\"height:15px\"><\/div>\n\n\n\n<div id=\"ez-toc-container\" class=\"ez-toc-v2_0_76 counter-hierarchy ez-toc-counter ez-toc-custom ez-toc-container-direction\">\n<p class=\"ez-toc-title\" style=\"cursor:inherit\">Inhoud<\/p>\n<label for=\"ez-toc-cssicon-toggle-item-69ec1d5a75d56\" class=\"ez-toc-cssicon-toggle-label\"><span class=\"\"><span class=\"eztoc-hide\" style=\"display:none;\">Toggle<\/span><span class=\"ez-toc-icon-toggle-span\"><svg style=\"fill: #2c2a29;color:#2c2a29\" xmlns=\"http:\/\/www.w3.org\/2000\/svg\" class=\"list-377408\" width=\"20px\" height=\"20px\" viewbox=\"0 0 24 24\" fill=\"none\"><path d=\"M6 6H4v2h2V6zm14 0H8v2h12V6zM4 11h2v2H4v-2zm16 0H8v2h12v-2zM4 16h2v2H4v-2zm16 0H8v2h12v-2z\" fill=\"currentColor\"><\/path><\/svg><svg style=\"fill: #2c2a29;color:#2c2a29\" class=\"arrow-unsorted-368013\" xmlns=\"http:\/\/www.w3.org\/2000\/svg\" width=\"10px\" height=\"10px\" viewbox=\"0 0 24 24\" version=\"1.2\" baseprofile=\"tiny\"><path d=\"M18.2 9.3l-6.2-6.3-6.2 6.3c-.2.2-.3.4-.3.7s.1.5.3.7c.2.2.4.3.7.3h11c.3 0 .5-.1.7-.3.2-.2.3-.5.3-.7s-.1-.5-.3-.7zM5.8 14.7l6.2 6.3 6.2-6.3c.2-.2.3-.5.3-.7s-.1-.5-.3-.7c-.2-.2-.4-.3-.7-.3h-11c-.3 0-.5.1-.7.3-.2.2-.3.5-.3.7s.1.5.3.7z\"\/><\/svg><\/span><\/span><\/label><input type=\"checkbox\"  id=\"ez-toc-cssicon-toggle-item-69ec1d5a75d56\"  aria-label=\"Alternar\" \/><nav><ul class='ez-toc-list ez-toc-list-level-1' ><li class='ez-toc-page-1 ez-toc-heading-level-2'><a class=\"ez-toc-link ez-toc-heading-1\" href=\"https:\/\/mailingmasters.nl\/es\/sobre-nosotros-2\/#Over_Mailing_Masters\" >Acerca de Mailing Masters<\/a><\/li><li class='ez-toc-page-1 ez-toc-heading-level-2'><a class=\"ez-toc-link ez-toc-heading-2\" href=\"https:\/\/mailingmasters.nl\/es\/sobre-nosotros-2\/#Voor_welke_opdrachtgevers_werken_wij\" >\u00bfPara qu\u00e9 clientes trabajamos?<\/a><\/li><li class='ez-toc-page-1 ez-toc-heading-level-2'><a class=\"ez-toc-link ez-toc-heading-3\" href=\"https:\/\/mailingmasters.nl\/es\/sobre-nosotros-2\/#Diensten_die_wij_aanbieden\" >Servicios que ofrecemos<\/a><ul class='ez-toc-list-level-3' ><li class='ez-toc-heading-level-3'><a class=\"ez-toc-link ez-toc-heading-4\" href=\"https:\/\/mailingmasters.nl\/es\/sobre-nosotros-2\/#Waar_ligt_de_kracht_van_Mailing_Masters\" >\u00bfD\u00f3nde radica la fortaleza de Mailing Masters?<\/a><\/li><\/ul><\/li><li class='ez-toc-page-1 ez-toc-heading-level-2'><a class=\"ez-toc-link ez-toc-heading-5\" href=\"https:\/\/mailingmasters.nl\/es\/sobre-nosotros-2\/#Heeft_u_vragen\" >\u00bfTiene alguna pregunta?<\/a><\/li><\/ul><\/nav><\/div>\n<h2 class=\"wp-block-heading\"><span class=\"ez-toc-section\" id=\"Over_Mailing_Masters\"><\/span>Acerca de Mailing Masters<span class=\"ez-toc-section-end\"><\/span><\/h2>\n\n\n\n<p>En Mailing Masters, puede encontrar soluciones para sus problemas de env\u00edo y log\u00edstica. Bas\u00e1ndonos en nuestra experiencia y conocimientos, ofrecemos productos y servicios efectivos y que ahorran costes a nuestros clientes. Nuestro objetivo es permitir que nuestros clientes gestionen sus interacciones con sus contactos de manera eficaz y eficiente.<\/p>\n\n\n\n<h2 class=\"wp-block-heading\"><span class=\"ez-toc-section\" id=\"Voor_welke_opdrachtgevers_werken_wij\"><\/span>\u00bfPara qu\u00e9 clientes trabajamos?<span class=\"ez-toc-section-end\"><\/span><\/h2>\n\n\n\n<p>Mailing Masters atiende a un grupo diverso de organizaciones para las cuales encontramos soluciones. Desde pymes, asociaciones industriales, agencias gubernamentales, instituciones de salud y educaci\u00f3n hasta multinacionales. Muchas agencias de marketing y publicidad tambi\u00e9n eligen las soluciones de Mailing Masters. Apoyamos a estas organizaciones con las campa\u00f1as de correo directo que gestionan para sus clientes. Tambi\u00e9n ofrecemos soluciones personalizadas para empresas de comercio electr\u00f3nico, incluyendo la gesti\u00f3n del servicio al cliente y el procesamiento log\u00edstico.<\/p>\n\n\n\n<h2 class=\"wp-block-heading\"><span class=\"ez-toc-section\" id=\"Diensten_die_wij_aanbieden\"><\/span>Servicios que ofrecemos<span class=\"ez-toc-section-end\"><\/span><\/h2>\n\n\n\n<ul class=\"wp-block-list\">\n<li><a href=\"https:\/\/mailingmasters.nl\/es\/direct-mail\/direct-mailing-versturen\/\" data-type=\"page\" data-id=\"20283\">Env\u00edo de correos<\/a><\/li>\n\n\n\n<li><a href=\"https:\/\/mailingmasters.nl\/es\/web-stories\/besparen-op-portokosten\/\" data-type=\"web-story\" data-id=\"20188\">Ahorrar en costes de env\u00edo<\/a><\/li>\n\n\n\n<li><a class=\"rank-math-link\" href=\"https:\/\/mailingmasters.nl\/es\/ensobrado-2\/\">ensobrado<\/a><\/li>\n\n\n\n<li><a href=\"https:\/\/mailingmasters.nl\/es\/direct-mail\/\">Publicidad directa<\/a><\/li>\n\n\n\n<li><a href=\"https:\/\/mailingmasters.nl\/es\/verpakken-inpakken\/handmatig-verpakken\/\" data-type=\"page\" data-id=\"362\">Empaquetado<\/a><\/li>\n\n\n\n<li><a href=\"https:\/\/mailingmasters.nl\/es\/fulfilment-bedrijf\/\" data-type=\"page\" data-id=\"150\">Servicios de cumplimiento<\/a><\/li>\n\n\n\n<li><a href=\"https:\/\/mailingmasters.nl\/es\/servicio-de-impresion-2\/\">Impresi\u00f3n<\/a><\/li>\n\n\n\n<li><a href=\"https:\/\/mailingmasters.nl\/es\/goedkoop-partijenpost-versturen\/\" data-type=\"page\" data-id=\"282\">enviar<\/a><\/li>\n\n\n\n<li>Programas de fidelizaci\u00f3n<\/li>\n\n\n\n<li><a href=\"https:\/\/mailingmasters.nl\/es\/almacenamiento-de-pales-2\/\" data-type=\"page\" data-id=\"120\">almacenamiento de pal\u00e9s<\/a><\/li>\n<\/ul>\n\n\n\n<h3 class=\"wp-block-heading\"><span class=\"ez-toc-section\" id=\"Waar_ligt_de_kracht_van_Mailing_Masters\"><\/span>\u00bfD\u00f3nde radica la fortaleza de Mailing Masters?<span class=\"ez-toc-section-end\"><\/span><\/h3>\n\n\n\n<p class=\"translation-block\">Nuestro conocimiento y experiencia nos permiten optimizar los procesos relacionados con el dise\u00f1o gr\u00e1fico, el env\u00edo y el almacenamiento. Para muchos de nuestros clientes, ofrecemos oportunidades para ahorrar en costos y tiempo. Logramos esto optimizando estos procesos. Adem\u00e1s, brindamos a las organizaciones la posibilidad de centrarse en su actividad principal. Nos encargamos de la producci\u00f3n, gesti\u00f3n, registro, monitoreo y ajustes. Tambi\u00e9n nos aseguramos de que la interacci\u00f3n entre nuestros clientes y sus contactos se desarrolle de manera fluida como se desea.<\/p>\n\n\n\n<h2 class=\"wp-block-heading\"><span class=\"ez-toc-section\" id=\"Heeft_u_vragen\"><\/span>\u00bfTiene alguna pregunta?<span class=\"ez-toc-section-end\"><\/span><\/h2>\n\n\n\n<p>P\u00f3ngase en contacto con nosotros. Puede llamarnos al (+31) 0318 412 252<\/p>\n\n\n\n<div class=\"wp-block-columns is-layout-flex wp-container-core-columns-is-layout-9d6595d7 wp-block-columns-is-layout-flex\">\n<div class=\"wp-block-column is-layout-flow wp-block-column-is-layout-flow\" style=\"flex-basis:50%\">\n<p class=\"translation-block\">Tambi\u00e9n puede enviarnos un correo electr\u00f3nico. Estamos disponibles en <a class=\"rank-math-link\" href=\"mailto:info@mailingmasters.nl\" target=\"_self\">info@mailingmasters.nl<\/a>. Por supuesto, tambi\u00e9n es bienvenido a visitarnos. Nos encontramos en Newtonstraat 27, 3902 HP en Veenendaal.<\/p>\n<\/div>\n\n\n\n<div class=\"wp-block-column is-layout-flow wp-block-column-is-layout-flow\" style=\"flex-basis:50%\"><div class=\"wp-block-image\">\n<figure class=\"aligncenter size-medium is-resized\"><a href=\"https:\/\/nl.linkedin.com\/in\/arend-michiel-pronk-24464738\" target=\"_blank\" rel=\"noopener\"><img decoding=\"async\" src=\"https:\/\/mailingmasters.nl\/wp-content\/uploads\/Arend-Michiel-Pronk-Eigenaar-Mailing-Masters-283x300.png\" alt=\"Arend Michiel Pronk owner Mailing Masters\" class=\"wp-image-20715\" width=\"212\" height=\"225\" title=\"\" srcset=\"https:\/\/mailingmasters.nl\/wp-content\/uploads\/Arend-Michiel-Pronk-Eigenaar-Mailing-Masters-283x300.png 283w, https:\/\/mailingmasters.nl\/wp-content\/uploads\/Arend-Michiel-Pronk-Eigenaar-Mailing-Masters-1448x1536.png 1448w, https:\/\/mailingmasters.nl\/wp-content\/uploads\/Arend-Michiel-Pronk-Eigenaar-Mailing-Masters-11x12.png 11w, https:\/\/mailingmasters.nl\/wp-content\/uploads\/Arend-Michiel-Pronk-Eigenaar-Mailing-Masters-150x159.png 150w, https:\/\/mailingmasters.nl\/wp-content\/uploads\/Arend-Michiel-Pronk-Eigenaar-Mailing-Masters-768x815.png 768w, https:\/\/mailingmasters.nl\/wp-content\/uploads\/Arend-Michiel-Pronk-Eigenaar-Mailing-Masters-965x1024.png 965w, https:\/\/mailingmasters.nl\/wp-content\/uploads\/Arend-Michiel-Pronk-Eigenaar-Mailing-Masters.png 1617w\" sizes=\"(max-width: 212px) 100vw, 212px\" \/><\/a><\/figure>\n<\/div><\/div>\n<\/div>\n\n\n<div class=\"gb-button-wrapper gb-button-wrapper-3b9e9f80\">\n\n<a class=\"gb-button gb-button-f52a3f7c gb-button-text\" href=\"https:\/\/mailingmasters.nl\/es\/contacto-2\/\" rel=\"nofollow\">Haga una cita aqu\u00ed<\/a>\n\n<\/div>","protected":false},"excerpt":{"rendered":"<p>Over Mailing Masters Bij Mailing Masters kunt u terecht voor oplossingen van uw verzend- en logistiek vraagstukken. Op basis van onze ervaring en uiteraard kennis weten wij voor onze opdrachtgevers effectieve en besparende producten en dienstverlening aan te bieden. Ons doel is om onze opdrachtgevers in staat te stellen de interactie met hun relaties op &#8230; <a title=\"Acerca de nosotros\" class=\"read-more\" href=\"https:\/\/mailingmasters.nl\/es\/sobre-nosotros-2\/\" aria-label=\"Leer m\u00e1s sobre Over ons\">Leer m\u00e1s<\/a><\/p>","protected":false},"author":4,"featured_media":20715,"parent":0,"menu_order":0,"comment_status":"closed","ping_status":"closed","template":"","meta":{"inline_featured_image":false,"footnotes":""},"class_list":["post-9","page","type-page","status-publish","has-post-thumbnail"],"_links":{"self":[{"href":"https:\/\/mailingmasters.nl\/es\/wp-json\/wp\/v2\/pages\/9","targetHints":{"allow":["GET"]}}],"collection":[{"href":"https:\/\/mailingmasters.nl\/es\/wp-json\/wp\/v2\/pages"}],"about":[{"href":"https:\/\/mailingmasters.nl\/es\/wp-json\/wp\/v2\/types\/page"}],"author":[{"embeddable":true,"href":"https:\/\/mailingmasters.nl\/es\/wp-json\/wp\/v2\/users\/4"}],"replies":[{"embeddable":true,"href":"https:\/\/mailingmasters.nl\/es\/wp-json\/wp\/v2\/comments?post=9"}],"version-history":[{"count":0,"href":"https:\/\/mailingmasters.nl\/es\/wp-json\/wp\/v2\/pages\/9\/revisions"}],"wp:featuredmedia":[{"embeddable":true,"href":"https:\/\/mailingmasters.nl\/es\/wp-json\/wp\/v2\/media\/20715"}],"wp:attachment":[{"href":"https:\/\/mailingmasters.nl\/es\/wp-json\/wp\/v2\/media?parent=9"}],"curies":[{"name":"wp","href":"https:\/\/api.w.org\/{rel}","templated":true}]}}