{"id":9,"date":"2021-03-10T15:27:15","date_gmt":"2021-03-10T15:27:15","guid":{"rendered":"http:\/\/mailingmasters.nl\/about-us\/"},"modified":"2023-05-22T07:27:51","modified_gmt":"2023-05-22T07:27:51","slug":"uber-uns-2","status":"publish","type":"page","link":"https:\/\/mailingmasters.nl\/de\/uber-uns-2\/","title":{"rendered":"\u00dcber uns"},"content":{"rendered":"<div class=\"wp-block-image\">\n<figure class=\"aligncenter size-large\"><img decoding=\"async\" width=\"1024\" height=\"684\" src=\"https:\/\/mailingmasters.nl\/wp-content\/uploads\/nieuwe-pand-Mailing-Masters-1024x684.jpg\" alt=\"\" class=\"wp-image-20931\" title=\"\" srcset=\"https:\/\/mailingmasters.nl\/wp-content\/uploads\/nieuwe-pand-Mailing-Masters-1024x684.jpg 1024w, https:\/\/mailingmasters.nl\/wp-content\/uploads\/nieuwe-pand-Mailing-Masters-1536x1025.jpg 1536w, https:\/\/mailingmasters.nl\/wp-content\/uploads\/nieuwe-pand-Mailing-Masters-scaled.jpg 2048w, https:\/\/mailingmasters.nl\/wp-content\/uploads\/nieuwe-pand-Mailing-Masters-18x12.jpg 18w, https:\/\/mailingmasters.nl\/wp-content\/uploads\/nieuwe-pand-Mailing-Masters-150x100.jpg 150w, https:\/\/mailingmasters.nl\/wp-content\/uploads\/nieuwe-pand-Mailing-Masters-300x200.jpg 300w, https:\/\/mailingmasters.nl\/wp-content\/uploads\/nieuwe-pand-Mailing-Masters-768x513.jpg 768w\" sizes=\"(max-width: 1024px) 100vw, 1024px\" \/><\/figure>\n<\/div>\n\n\n<div style=\"color:#ddd\" class=\"wp-block-genesis-blocks-gb-spacer gb-block-spacer gb-divider-solid gb-divider-size-1\"><hr style=\"height:15px\"><\/div>\n\n\n\n<div id=\"ez-toc-container\" class=\"ez-toc-v2_0_76 counter-hierarchy ez-toc-counter ez-toc-custom ez-toc-container-direction\">\n<p class=\"ez-toc-title\" style=\"cursor:inherit\">Inhoud<\/p>\n<label for=\"ez-toc-cssicon-toggle-item-69eba5454d051\" class=\"ez-toc-cssicon-toggle-label\"><span class=\"\"><span class=\"eztoc-hide\" style=\"display:none;\">Toggle<\/span><span class=\"ez-toc-icon-toggle-span\"><svg style=\"fill: #2c2a29;color:#2c2a29\" xmlns=\"http:\/\/www.w3.org\/2000\/svg\" class=\"list-377408\" width=\"20px\" height=\"20px\" viewbox=\"0 0 24 24\" fill=\"none\"><path d=\"M6 6H4v2h2V6zm14 0H8v2h12V6zM4 11h2v2H4v-2zm16 0H8v2h12v-2zM4 16h2v2H4v-2zm16 0H8v2h12v-2z\" fill=\"currentColor\"><\/path><\/svg><svg style=\"fill: #2c2a29;color:#2c2a29\" class=\"arrow-unsorted-368013\" xmlns=\"http:\/\/www.w3.org\/2000\/svg\" width=\"10px\" height=\"10px\" viewbox=\"0 0 24 24\" version=\"1.2\" baseprofile=\"tiny\"><path d=\"M18.2 9.3l-6.2-6.3-6.2 6.3c-.2.2-.3.4-.3.7s.1.5.3.7c.2.2.4.3.7.3h11c.3 0 .5-.1.7-.3.2-.2.3-.5.3-.7s-.1-.5-.3-.7zM5.8 14.7l6.2 6.3 6.2-6.3c.2-.2.3-.5.3-.7s-.1-.5-.3-.7c-.2-.2-.4-.3-.7-.3h-11c-.3 0-.5.1-.7.3-.2.2-.3.5-.3.7s.1.5.3.7z\"\/><\/svg><\/span><\/span><\/label><input type=\"checkbox\"  id=\"ez-toc-cssicon-toggle-item-69eba5454d051\"  aria-label=\"Toggle\" \/><nav><ul class='ez-toc-list ez-toc-list-level-1' ><li class='ez-toc-page-1 ez-toc-heading-level-2'><a class=\"ez-toc-link ez-toc-heading-1\" href=\"https:\/\/mailingmasters.nl\/de\/uber-uns-2\/#Over_Mailing_Masters\" >\u00dcber Mailing Masters<\/a><\/li><li class='ez-toc-page-1 ez-toc-heading-level-2'><a class=\"ez-toc-link ez-toc-heading-2\" href=\"https:\/\/mailingmasters.nl\/de\/uber-uns-2\/#Voor_welke_opdrachtgevers_werken_wij\" >F\u00fcr welche Kunden arbeiten wir?<\/a><\/li><li class='ez-toc-page-1 ez-toc-heading-level-2'><a class=\"ez-toc-link ez-toc-heading-3\" href=\"https:\/\/mailingmasters.nl\/de\/uber-uns-2\/#Diensten_die_wij_aanbieden\" >Unser Angebot an Dienstleistungen<\/a><ul class='ez-toc-list-level-3' ><li class='ez-toc-heading-level-3'><a class=\"ez-toc-link ez-toc-heading-4\" href=\"https:\/\/mailingmasters.nl\/de\/uber-uns-2\/#Waar_ligt_de_kracht_van_Mailing_Masters\" >Wo liegt die St\u00e4rke von Mailing Masters?<\/a><\/li><\/ul><\/li><li class='ez-toc-page-1 ez-toc-heading-level-2'><a class=\"ez-toc-link ez-toc-heading-5\" href=\"https:\/\/mailingmasters.nl\/de\/uber-uns-2\/#Heeft_u_vragen\" >Haben Sie Fragen?<\/a><\/li><\/ul><\/nav><\/div>\n<h2 class=\"wp-block-heading\"><span class=\"ez-toc-section\" id=\"Over_Mailing_Masters\"><\/span>\u00dcber Mailing Masters<span class=\"ez-toc-section-end\"><\/span><\/h2>\n\n\n\n<p>Bei Mailing Masters k\u00f6nnen Sie L\u00f6sungen f\u00fcr Ihre Versand- und Logistikprobleme finden. Aufgrund unserer Erfahrung und nat\u00fcrlich unseres Wissens wissen wir, wie wir unseren Kunden effektive und wirtschaftliche Produkte und Dienstleistungen anbieten k\u00f6nnen. Unser Ziel ist es, unsere Kunden in die Lage zu versetzen, ihre Beziehungen auf effektive und effiziente Weise zu pflegen.<\/p>\n\n\n\n<h2 class=\"wp-block-heading\"><span class=\"ez-toc-section\" id=\"Voor_welke_opdrachtgevers_werken_wij\"><\/span>F\u00fcr welche Kunden arbeiten wir?<span class=\"ez-toc-section-end\"><\/span><\/h2>\n\n\n\n<p>Mailing Masters hat eine vielf\u00e4ltige Gruppe von Kunden, f\u00fcr die wir L\u00f6sungen finden k\u00f6nnen. Von KMU, Handelsverb\u00e4nden, Regierungen, Gesundheits- und Bildungseinrichtungen bis hin zu multinationalen Unternehmen. \u00a0Auch viele Marketing- und Werbeagenturen nehmen die Dienste von Mailing Masters in Anspruch. Wir unterst\u00fctzen diese Organisationen bei ihren Direktmailing-Kampagnen f\u00fcr ihre Kunden. Wir bieten auch ma\u00dfgeschneiderte L\u00f6sungen f\u00fcr E-Commerce-Unternehmen. Wir k\u00fcmmern uns um die Kundenbetreuung und die Logistik.<\/p>\n\n\n\n<h2 class=\"wp-block-heading\"><span class=\"ez-toc-section\" id=\"Diensten_die_wij_aanbieden\"><\/span>Unser Angebot an Dienstleistungen<span class=\"ez-toc-section-end\"><\/span><\/h2>\n\n\n\n<ul class=\"wp-block-list\">\n<li><a href=\"https:\/\/mailingmasters.nl\/de\/direct-mail\/direct-mailing-versturen\/\" data-type=\"page\" data-id=\"20283\">Versendung von Mailings<\/a><\/li>\n\n\n\n<li><a href=\"https:\/\/mailingmasters.nl\/de\/web-stories\/besparen-op-portokosten\/\" data-type=\"web-story\" data-id=\"20188\">Sparen Sie beim Porto<\/a><\/li>\n\n\n\n<li><a class=\"rank-math-link\" href=\"https:\/\/mailingmasters.nl\/de\/kuvertieren-2\/\">Kuvertieren<\/a><\/li>\n\n\n\n<li><a href=\"https:\/\/mailingmasters.nl\/de\/direct-mail\/\">Direktwerbung<\/a><\/li>\n\n\n\n<li><a href=\"https:\/\/mailingmasters.nl\/de\/verpakken-inpakken\/handmatig-verpakken\/\" data-type=\"page\" data-id=\"362\">Verpacken<\/a><\/li>\n\n\n\n<li><a href=\"https:\/\/mailingmasters.nl\/de\/fulfilment-bedrijf\/\" data-type=\"page\" data-id=\"150\">Erf\u00fcllung<\/a><\/li>\n\n\n\n<li><a href=\"https:\/\/mailingmasters.nl\/de\/druckservice-2\/\">Drucken<\/a><\/li>\n\n\n\n<li><a href=\"https:\/\/mailingmasters.nl\/de\/goedkoop-partijenpost-versturen\/\" data-type=\"page\" data-id=\"282\">Versenden<\/a><\/li>\n\n\n\n<li>Loyalit\u00e4tsprogramme<\/li>\n\n\n\n<li><a href=\"https:\/\/mailingmasters.nl\/de\/palettenlagerung-2\/\" data-type=\"page\" data-id=\"120\">Palettenlagerung<\/a><\/li>\n<\/ul>\n\n\n\n<h3 class=\"wp-block-heading\"><span class=\"ez-toc-section\" id=\"Waar_ligt_de_kracht_van_Mailing_Masters\"><\/span>Wo liegt die St\u00e4rke von Mailing Masters?<span class=\"ez-toc-section-end\"><\/span><\/h3>\n\n\n\n<p class=\"translation-block\">Unser Wissen und unsere Erfahrung erm\u00f6glichen es uns, die Prozesse rund um Grafikdesign, Versand und Lagerhaltung zu optimieren. F\u00fcr viele unserer Kunden bieten wir M\u00f6glichkeiten, Kosten und Zeit zu sparen. Dies erreichen wir durch die Optimierung dieser Prozesse. Zudem geben wir Organisationen die M\u00f6glichkeit, sich auf ihr Kerngesch\u00e4ft zu konzentrieren. Gerne \u00fcbernehmen wir die Produktion, Abwicklung, Registrierung, \u00dcberwachung und Anpassung. Wir sorgen au\u00dferdem daf\u00fcr, dass die Interaktion zwischen unseren Kunden und deren Beziehungen reibungslos verl\u00e4uft, wie gew\u00fcnscht.<\/p>\n\n\n\n<h2 class=\"wp-block-heading\"><span class=\"ez-toc-section\" id=\"Heeft_u_vragen\"><\/span>Haben Sie Fragen?<span class=\"ez-toc-section-end\"><\/span><\/h2>\n\n\n\n<p>Wenn ja, nehmen Sie bitte Kontakt mit uns auf. Sie k\u00f6nnen uns anrufen unter (+31) 0318 412 252<\/p>\n\n\n\n<div class=\"wp-block-columns is-layout-flex wp-container-core-columns-is-layout-9d6595d7 wp-block-columns-is-layout-flex\">\n<div class=\"wp-block-column is-layout-flow wp-block-column-is-layout-flow\" style=\"flex-basis:50%\">\n<p class=\"translation-block\">Sie k\u00f6nnen uns auch eine E-Mail schreiben. Wir sind erreichbar unter <a class=\"rank-math-link\" href=\"mailto:info@mailingmasters.nl\" target=\"_self\">info@mailingmasters.nl<\/a>. Selbstverst\u00e4ndlich sind Sie auch herzlich eingeladen, uns zu besuchen. Sie finden uns in der Newtonstraat 27, 3902 HP in Veenendaal.<\/p>\n<\/div>\n\n\n\n<div class=\"wp-block-column is-layout-flow wp-block-column-is-layout-flow\" style=\"flex-basis:50%\"><div class=\"wp-block-image\">\n<figure class=\"aligncenter size-medium is-resized\"><a href=\"https:\/\/nl.linkedin.com\/in\/arend-michiel-pronk-24464738\" target=\"_blank\" rel=\"noopener\"><img decoding=\"async\" src=\"https:\/\/mailingmasters.nl\/wp-content\/uploads\/Arend-Michiel-Pronk-Eigenaar-Mailing-Masters-283x300.png\" alt=\"Arend Michiel Pronk Inhaber Mailing Masters\" class=\"wp-image-20715\" width=\"212\" height=\"225\" title=\"\" srcset=\"https:\/\/mailingmasters.nl\/wp-content\/uploads\/Arend-Michiel-Pronk-Eigenaar-Mailing-Masters-283x300.png 283w, https:\/\/mailingmasters.nl\/wp-content\/uploads\/Arend-Michiel-Pronk-Eigenaar-Mailing-Masters-1448x1536.png 1448w, https:\/\/mailingmasters.nl\/wp-content\/uploads\/Arend-Michiel-Pronk-Eigenaar-Mailing-Masters-11x12.png 11w, https:\/\/mailingmasters.nl\/wp-content\/uploads\/Arend-Michiel-Pronk-Eigenaar-Mailing-Masters-150x159.png 150w, https:\/\/mailingmasters.nl\/wp-content\/uploads\/Arend-Michiel-Pronk-Eigenaar-Mailing-Masters-768x815.png 768w, https:\/\/mailingmasters.nl\/wp-content\/uploads\/Arend-Michiel-Pronk-Eigenaar-Mailing-Masters-965x1024.png 965w, https:\/\/mailingmasters.nl\/wp-content\/uploads\/Arend-Michiel-Pronk-Eigenaar-Mailing-Masters.png 1617w\" sizes=\"(max-width: 212px) 100vw, 212px\" \/><\/a><\/figure>\n<\/div><\/div>\n<\/div>\n\n\n<div class=\"gb-button-wrapper gb-button-wrapper-3b9e9f80\">\n\n<a class=\"gb-button gb-button-f52a3f7c gb-button-text\" href=\"https:\/\/mailingmasters.nl\/de\/kontakt-2\/\" rel=\"nofollow\">Vereinbaren Sie hier einen Termin<\/a>\n\n<\/div>","protected":false},"excerpt":{"rendered":"<p>Over Mailing Masters Bij Mailing Masters kunt u terecht voor oplossingen van uw verzend- en logistiek vraagstukken. Op basis van onze ervaring en uiteraard kennis weten wij voor onze opdrachtgevers effectieve en besparende producten en dienstverlening aan te bieden. Ons doel is om onze opdrachtgevers in staat te stellen de interactie met hun relaties op &#8230; <a title=\"\u00dcber uns\" class=\"read-more\" href=\"https:\/\/mailingmasters.nl\/de\/uber-uns-2\/\" aria-label=\"Mehr Informationen \u00fcber Over ons\">Weiterlesen &#8230;<\/a><\/p>","protected":false},"author":4,"featured_media":20715,"parent":0,"menu_order":0,"comment_status":"closed","ping_status":"closed","template":"","meta":{"inline_featured_image":false,"footnotes":""},"class_list":["post-9","page","type-page","status-publish","has-post-thumbnail"],"_links":{"self":[{"href":"https:\/\/mailingmasters.nl\/de\/wp-json\/wp\/v2\/pages\/9","targetHints":{"allow":["GET"]}}],"collection":[{"href":"https:\/\/mailingmasters.nl\/de\/wp-json\/wp\/v2\/pages"}],"about":[{"href":"https:\/\/mailingmasters.nl\/de\/wp-json\/wp\/v2\/types\/page"}],"author":[{"embeddable":true,"href":"https:\/\/mailingmasters.nl\/de\/wp-json\/wp\/v2\/users\/4"}],"replies":[{"embeddable":true,"href":"https:\/\/mailingmasters.nl\/de\/wp-json\/wp\/v2\/comments?post=9"}],"version-history":[{"count":0,"href":"https:\/\/mailingmasters.nl\/de\/wp-json\/wp\/v2\/pages\/9\/revisions"}],"wp:featuredmedia":[{"embeddable":true,"href":"https:\/\/mailingmasters.nl\/de\/wp-json\/wp\/v2\/media\/20715"}],"wp:attachment":[{"href":"https:\/\/mailingmasters.nl\/de\/wp-json\/wp\/v2\/media?parent=9"}],"curies":[{"name":"wp","href":"https:\/\/api.w.org\/{rel}","templated":true}]}}