{"id":20072,"date":"2021-05-28T12:58:30","date_gmt":"2021-05-28T12:58:30","guid":{"rendered":"https:\/\/mailingmasters.nl\/?page_id=20072"},"modified":"2023-01-10T21:23:09","modified_gmt":"2023-01-10T21:23:09","slug":"arbeiten-bei-2","status":"publish","type":"page","link":"https:\/\/mailingmasters.nl\/de\/arbeiten-bei-2\/","title":{"rendered":"Arbeiten bei Mailing Masters aus Veenendaal"},"content":{"rendered":"<div id=\"ez-toc-container\" class=\"ez-toc-v2_0_76 counter-hierarchy ez-toc-counter ez-toc-custom ez-toc-container-direction\">\n<p class=\"ez-toc-title\" style=\"cursor:inherit\">Inhoud<\/p>\n<label for=\"ez-toc-cssicon-toggle-item-69f36ff3cdfd8\" class=\"ez-toc-cssicon-toggle-label\"><span class=\"\"><span class=\"eztoc-hide\" style=\"display:none;\">Toggle<\/span><span class=\"ez-toc-icon-toggle-span\"><svg style=\"fill: #2c2a29;color:#2c2a29\" xmlns=\"http:\/\/www.w3.org\/2000\/svg\" class=\"list-377408\" width=\"20px\" height=\"20px\" viewbox=\"0 0 24 24\" fill=\"none\"><path d=\"M6 6H4v2h2V6zm14 0H8v2h12V6zM4 11h2v2H4v-2zm16 0H8v2h12v-2zM4 16h2v2H4v-2zm16 0H8v2h12v-2z\" fill=\"currentColor\"><\/path><\/svg><svg style=\"fill: #2c2a29;color:#2c2a29\" class=\"arrow-unsorted-368013\" xmlns=\"http:\/\/www.w3.org\/2000\/svg\" width=\"10px\" height=\"10px\" viewbox=\"0 0 24 24\" version=\"1.2\" baseprofile=\"tiny\"><path d=\"M18.2 9.3l-6.2-6.3-6.2 6.3c-.2.2-.3.4-.3.7s.1.5.3.7c.2.2.4.3.7.3h11c.3 0 .5-.1.7-.3.2-.2.3-.5.3-.7s-.1-.5-.3-.7zM5.8 14.7l6.2 6.3 6.2-6.3c.2-.2.3-.5.3-.7s-.1-.5-.3-.7c-.2-.2-.4-.3-.7-.3h-11c-.3 0-.5.1-.7.3-.2.2-.3.5-.3.7s.1.5.3.7z\"\/><\/svg><\/span><\/span><\/label><input type=\"checkbox\"  id=\"ez-toc-cssicon-toggle-item-69f36ff3cdfd8\"  aria-label=\"Toggle\" \/><nav><ul class='ez-toc-list ez-toc-list-level-1' ><li class='ez-toc-page-1 ez-toc-heading-level-2'><a class=\"ez-toc-link ez-toc-heading-1\" href=\"https:\/\/mailingmasters.nl\/de\/arbeiten-bei-2\/#Werken_bij_Mailing_Masters\" >Arbeiten bei Mailing Masters<\/a><\/li><li class='ez-toc-page-1 ez-toc-heading-level-2'><a class=\"ez-toc-link ez-toc-heading-2\" href=\"https:\/\/mailingmasters.nl\/de\/arbeiten-bei-2\/#Wat_vinden_wij_belangrijk\" >Was halten wir f\u00fcr wichtig?<\/a><\/li><li class='ez-toc-page-1 ez-toc-heading-level-2'><a class=\"ez-toc-link ez-toc-heading-3\" href=\"https:\/\/mailingmasters.nl\/de\/arbeiten-bei-2\/#Huidige_vacatures\" >Aktuelle Stellenausschreibungen<\/a><\/li><li class='ez-toc-page-1 ez-toc-heading-level-2'><a class=\"ez-toc-link ez-toc-heading-4\" href=\"https:\/\/mailingmasters.nl\/de\/arbeiten-bei-2\/#Thuiswerkers_gezocht\" >Hausaufgabenmacher gesucht<\/a><\/li><li class='ez-toc-page-1 ez-toc-heading-level-2'><a class=\"ez-toc-link ez-toc-heading-5\" href=\"https:\/\/mailingmasters.nl\/de\/arbeiten-bei-2\/#Stage_lopen\" >Praktika?<\/a><\/li><li class='ez-toc-page-1 ez-toc-heading-level-2'><a class=\"ez-toc-link ez-toc-heading-6\" href=\"https:\/\/mailingmasters.nl\/de\/arbeiten-bei-2\/#Open_sollicitatie\" >Anwendung \u00f6ffnen<\/a><\/li><li class='ez-toc-page-1 ez-toc-heading-level-2'><a class=\"ez-toc-link ez-toc-heading-7\" href=\"https:\/\/mailingmasters.nl\/de\/arbeiten-bei-2\/#Productiemedewerkster\" >Produktionsarbeiter<\/a><\/li><\/ul><\/nav><\/div>\n<h2 class=\"wp-block-heading\"><span class=\"ez-toc-section\" id=\"Werken_bij_Mailing_Masters\"><\/span>Arbeiten bei Mailing Masters<span class=\"ez-toc-section-end\"><\/span><\/h2>\n\n\n\n<p>Bei Mailing Masters zu arbeiten bedeutet, Teil eines eng verbundenen Teams von Menschen zu sein, die nicht nur f\u00fcr unsere Kunden da sind, sondern auch f\u00fcreinander. Wenn Sie eine Frage haben, besprechen Sie sie mit Ihrem Kollegen. Denn gemeinsam wissen wir mehr und gemeinsam erreichen wir mehr. <\/p>\n\n\n\n<h2 class=\"wp-block-heading\"><span class=\"ez-toc-section\" id=\"Wat_vinden_wij_belangrijk\"><\/span>Was halten wir f\u00fcr wichtig?<span class=\"ez-toc-section-end\"><\/span><\/h2>\n\n\n\n<ul class=\"wp-block-list\">\n<li>Einigkeit und Zusammenarbeit sind unerl\u00e4sslich, wir sind ein Team mit einem gemeinsamen Auftrag;<\/li>\n\n\n\n<li>Stillstand ist R\u00fcckschritt. Auf jeder Ebene unserer Organisation streben wir nach Wachstum, indem wir lernen und das erworbene Wissen anwenden; <\/li>\n\n\n\n<li>Wir \u00fcbernehmen Verantwortung.<\/li>\n<\/ul>\n\n\n\n<div class=\"wp-block-getwid-section alignfull alignfull getwid-section-content-custom-width\"><div class=\"wp-block-getwid-section__wrapper getwid-padding-left-medium getwid-padding-right-medium\"><div class=\"wp-block-getwid-section__inner-wrapper\" style=\"max-width:1140px\"><div class=\"wp-block-getwid-section__background-holder\"><div class=\"wp-block-getwid-section__background\"><\/div><div class=\"wp-block-getwid-section__foreground\"><\/div><\/div><div class=\"wp-block-getwid-section__content\"><div class=\"wp-block-getwid-section__inner-content\">\n<h2 class=\"has-text-align-left wp-block-heading\"><span class=\"ez-toc-section\" id=\"Huidige_vacatures\"><\/span>Aktuelle Stellenausschreibungen<span class=\"ez-toc-section-end\"><\/span><\/h2>\n\n\n\n<p class=\"has-text-align-left\">Hier finden Sie unsere Stellenangebote:<\/p>\n\n\n\n<div class=\"wp-block-columns is-layout-flex wp-container-core-columns-is-layout-9d6595d7 wp-block-columns-is-layout-flex\">\n<div class=\"wp-block-column is-layout-flow wp-block-column-is-layout-flow\" style=\"flex-basis:100%\">\n<div class=\"wp-block-columns has-3-columns is-layout-flex wp-container-core-columns-is-layout-9d6595d7 wp-block-columns-is-layout-flex\">\n<div class=\"wp-block-column is-layout-flow wp-block-column-is-layout-flow\">\n<div class=\"wp-block-getwid-image-box has-text-center has-mobile-layout-default has-mobile-alignment-default\"><div class=\"wp-block-getwid-image-box__image-container is-position-top\"><div class=\"wp-block-getwid-image-box__image-wrapper\"><img decoding=\"async\" width=\"400\" height=\"267\" src=\"https:\/\/mailingmasters.nl\/wp-content\/uploads\/thuiswerk-veenendaal-bij-Mailing-Masters.jpg\" alt=\"Heimarbeit veenendaal\" class=\"wp-block-getwid-image-box__image wp-image-20069\" title=\"\" srcset=\"https:\/\/mailingmasters.nl\/wp-content\/uploads\/thuiswerk-veenendaal-bij-Mailing-Masters.jpg 400w, https:\/\/mailingmasters.nl\/wp-content\/uploads\/thuiswerk-veenendaal-bij-Mailing-Masters-300x200.jpg 300w, https:\/\/mailingmasters.nl\/wp-content\/uploads\/thuiswerk-veenendaal-bij-Mailing-Masters-150x100.jpg 150w\" sizes=\"(max-width: 400px) 100vw, 400px\" \/><\/div><\/div><div class=\"wp-block-getwid-image-box__content\">\n<h2 class=\"has-text-align-left wp-block-heading\"><span class=\"ez-toc-section\" id=\"Thuiswerkers_gezocht\"><\/span><a href=\"https:\/\/mailingmasters.nl\/de\/arbeiten-bei-2\/heimarbeit-veenendaal-2\/\">Hausaufgabenmacher gesucht<\/a><span class=\"ez-toc-section-end\"><\/span><\/h2>\n\n\n\n<p class=\"has-text-align-left\"> Aufgrund der steigenden Nachfrage nach Verpackungsarbeiten suchen wir Heimarbeiter aus Veenendaal und Umgebung <\/p>\n\n\n\n<p class=\"has-text-align-left\"><a href=\"https:\/\/mailingmasters.nl\/de\/arbeiten-bei-2\/heimarbeit-veenendaal-2\/\" class=\"rank-math-link\">Sehen Sie sich das Stellenangebot hier an...<\/a><\/p>\n<\/div><\/div>\n<\/div>\n\n\n\n<div class=\"wp-block-column is-layout-flow wp-block-column-is-layout-flow\">\n<div class=\"wp-block-getwid-image-box has-text-center has-mobile-layout-default has-mobile-alignment-default\"><div class=\"wp-block-getwid-image-box__image-container is-position-top\"><div class=\"wp-block-getwid-image-box__image-wrapper\"><img decoding=\"async\" width=\"400\" height=\"266\" src=\"https:\/\/mailingmasters.nl\/wp-content\/uploads\/stage-lopen-bij-Mailing-Masters.jpg\" alt=\"\" class=\"wp-block-getwid-image-box__image wp-image-20073\" title=\"\" srcset=\"https:\/\/mailingmasters.nl\/wp-content\/uploads\/stage-lopen-bij-Mailing-Masters.jpg 400w, https:\/\/mailingmasters.nl\/wp-content\/uploads\/stage-lopen-bij-Mailing-Masters-300x200.jpg 300w, https:\/\/mailingmasters.nl\/wp-content\/uploads\/stage-lopen-bij-Mailing-Masters-150x100.jpg 150w\" sizes=\"(max-width: 400px) 100vw, 400px\" \/><\/div><\/div><div class=\"wp-block-getwid-image-box__content\">\n<h2 class=\"has-text-align-left wp-block-heading\"><span class=\"ez-toc-section\" id=\"Stage_lopen\"><\/span>Praktika?<span class=\"ez-toc-section-end\"><\/span><\/h2>\n\n\n\n<p class=\"has-text-align-left\"> Wir haben regelm\u00e4\u00dfig Platz f\u00fcr einen Praktikanten. Dies k\u00f6nnte in Richtung Grafikdesign, Logistik, E-Commerce oder Marketing und Kommunikation gehen. M\u00f6chten Sie mehr erfahren? Nehmen Sie Kontakt mit uns auf. Sie k\u00f6nnen dies tun, indem Sie eine E-Mail senden an <a href=\"mailto:roy@mailingmasters.nl\" class=\"rank-math-link\">roy@mailingmasters.nl<\/a><\/p>\n<\/div><\/div>\n<\/div>\n\n\n\n<div class=\"wp-block-column is-layout-flow wp-block-column-is-layout-flow\">\n<div class=\"wp-block-getwid-image-box has-text-center has-mobile-layout-default has-mobile-alignment-default\"><div class=\"wp-block-getwid-image-box__image-container is-position-top\"><div class=\"wp-block-getwid-image-box__image-wrapper\"><img decoding=\"async\" width=\"400\" height=\"266\" src=\"https:\/\/mailingmasters.nl\/wp-content\/uploads\/werken-bij-Mailing-Masters-uit-Veenendaal.jpg\" alt=\"Arbeiten bei\" class=\"wp-block-getwid-image-box__image wp-image-20074\" title=\"\" srcset=\"https:\/\/mailingmasters.nl\/wp-content\/uploads\/werken-bij-Mailing-Masters-uit-Veenendaal.jpg 400w, https:\/\/mailingmasters.nl\/wp-content\/uploads\/werken-bij-Mailing-Masters-uit-Veenendaal-300x200.jpg 300w, https:\/\/mailingmasters.nl\/wp-content\/uploads\/werken-bij-Mailing-Masters-uit-Veenendaal-150x100.jpg 150w\" sizes=\"(max-width: 400px) 100vw, 400px\" \/><\/div><\/div><div class=\"wp-block-getwid-image-box__content\">\n<h2 class=\"has-text-align-left wp-block-heading\"><span class=\"ez-toc-section\" id=\"Open_sollicitatie\"><\/span>Anwendung \u00f6ffnen<span class=\"ez-toc-section-end\"><\/span><\/h2>\n\n\n\n<p class=\"has-text-align-left\">M\u00f6chten Sie Teil des Mailing Masters Teams werden? Offene Bewerbungen sind willkommen. Sie k\u00f6nnen dies tun, indem Sie eine E-Mail senden an <a href=\"mailto:roy@mailingmasteres.nl\" class=\"rank-math-link\">roy@mailingmasters.nl<\/a> Wenn Sie mehr wissen wollen, kontaktieren Sie uns. <\/p>\n<\/div><\/div>\n<\/div>\n\n\n\n<div class=\"wp-block-column is-layout-flow wp-block-column-is-layout-flow\">\n<figure class=\"wp-block-image size-full\"><a href=\"https:\/\/mailingmasters.nl\/de\/arbeiten-bei-2\/produktionsarbeiter-veenendaal-2\/\"><img decoding=\"async\" width=\"626\" height=\"407\" src=\"https:\/\/mailingmasters.nl\/wp-content\/uploads\/vacature-productiemedewerker-Mailing-Masters-Veenendaal.jpg\" alt=\"Vacature inpakmedewerker Veenendaal\" class=\"wp-image-20401\" title=\"\" srcset=\"https:\/\/mailingmasters.nl\/wp-content\/uploads\/vacature-productiemedewerker-Mailing-Masters-Veenendaal.jpg 626w, https:\/\/mailingmasters.nl\/wp-content\/uploads\/vacature-productiemedewerker-Mailing-Masters-Veenendaal-300x195.jpg 300w, https:\/\/mailingmasters.nl\/wp-content\/uploads\/vacature-productiemedewerker-Mailing-Masters-Veenendaal-150x98.jpg 150w\" sizes=\"(max-width: 626px) 100vw, 626px\" \/><\/a><\/figure>\n\n\n\n<h2 class=\"gb-headline gb-headline-1cabeed7 gb-headline-text\"><span class=\"ez-toc-section\" id=\"Productiemedewerkster\"><\/span><a href=\"https:\/\/mailingmasters.nl\/de\/arbeiten-bei-2\/produktionsarbeiter-veenendaal-2\/\" data-type=\"URL\">Produktionsarbeiter<\/a><span class=\"ez-toc-section-end\"><\/span><\/h2>\n\n\n\n<p>Mailing Masters sucht aufgrund des anhaltenden Wachstums nach Mitarbeitern f\u00fcr unser Produktionsteam.<\/p>\n\n\n\n<p> M\u00f6chten Sie mehr erfahren? Senden Sie dann eine E-Mail an <a href=\"mailto:roy@mailingmasters.nl\">roy@mailngmasters.nl t<\/a>\n<\/div>\n<\/div>\n<\/div>\n<\/div>\n<\/div><\/div><\/div><\/div><\/div>\n\n\n\n<p><\/p>","protected":false},"excerpt":{"rendered":"<p>Werken bij Mailing Masters Werken bij Mailing Masters betekent dat je onderdeel bent van een hecht team van mensen die niet alleen klaar staan voor onze opdrachtgevers maar die ook voor elkaar zijn. Zit je met een vraag, dan bespreek je dat met jou collega. Samen weten wij immers meer en samen bereiken wij meer. &#8230; <a title=\"Arbeiten bei Mailing Masters aus Veenendaal\" class=\"read-more\" href=\"https:\/\/mailingmasters.nl\/de\/arbeiten-bei-2\/\" aria-label=\"Mehr Informationen \u00fcber Werken bij Mailing Masters uit Veenendaal\">Weiterlesen &#8230;<\/a><\/p>","protected":false},"author":1,"featured_media":20074,"parent":0,"menu_order":0,"comment_status":"closed","ping_status":"closed","template":"","meta":{"inline_featured_image":false,"footnotes":""},"class_list":["post-20072","page","type-page","status-publish","has-post-thumbnail"],"_links":{"self":[{"href":"https:\/\/mailingmasters.nl\/de\/wp-json\/wp\/v2\/pages\/20072","targetHints":{"allow":["GET"]}}],"collection":[{"href":"https:\/\/mailingmasters.nl\/de\/wp-json\/wp\/v2\/pages"}],"about":[{"href":"https:\/\/mailingmasters.nl\/de\/wp-json\/wp\/v2\/types\/page"}],"author":[{"embeddable":true,"href":"https:\/\/mailingmasters.nl\/de\/wp-json\/wp\/v2\/users\/1"}],"replies":[{"embeddable":true,"href":"https:\/\/mailingmasters.nl\/de\/wp-json\/wp\/v2\/comments?post=20072"}],"version-history":[{"count":0,"href":"https:\/\/mailingmasters.nl\/de\/wp-json\/wp\/v2\/pages\/20072\/revisions"}],"wp:featuredmedia":[{"embeddable":true,"href":"https:\/\/mailingmasters.nl\/de\/wp-json\/wp\/v2\/media\/20074"}],"wp:attachment":[{"href":"https:\/\/mailingmasters.nl\/de\/wp-json\/wp\/v2\/media?parent=20072"}],"curies":[{"name":"wp","href":"https:\/\/api.w.org\/{rel}","templated":true}]}}